{"id":2,"date":"2012-09-12T08:00:23","date_gmt":"2012-09-12T07:00:23","guid":{"rendered":"http:\/\/www.cemaco.be\/?page_id=2"},"modified":"2020-09-30T21:57:29","modified_gmt":"2020-09-30T20:57:29","slug":"l-entreprise","status":"publish","type":"page","link":"https:\/\/www.cemaco.be\/?page_id=2","title":{"rendered":"L&rsquo;Entreprise"},"content":{"rendered":"<h2 style=\"text-align: justify;\">Notre entreprise en quelques mots<\/h2>\n<h3><strong><img loading=\"lazy\" class=\"alignleft\" style=\"border: 0px none;\" title=\"cemaco-1\" src=\"https:\/\/www.cemaco.be\/wp-content\/uploads\/2012\/07\/cemaco-1-300x200.jpg\" alt=\"\" width=\"300\" height=\"200\" \/>CEMACO, entreprise g\u00e9n\u00e9rale de construction, r\u00e9novation et de transformation.<\/strong><\/h3>\n<p style=\"text-align: justify;\">Fort de plusieurs ann\u00e9es d\u2019exp\u00e9rience dans le secteur du b\u00e2timent, nous vous proposons des solutions pour tous vos travaux de construction, r\u00e9novation et de transformation d&rsquo;immeubles.\nDans la rubrique <a href=\"?page_id=30\">Nos M\u00e9tiers<\/a> vous trouverez tout ce que nous pouvons r\u00e9aliser, et en vous offrant \u00e9galement toutes les garanties souhait\u00e9es pour mener \u00e0 bien votre chantier.<\/p>\n<p style=\"text-align: justify;\">Au d\u00e9part d&rsquo;un devis d\u00e9taill\u00e9, nous assurons la gestion compl\u00e8te des chantiers publics &amp; priv\u00e9s et nous vous aidons pour les demandes de primes en R\u00e9gion Wallonne.<\/p>\n<p style=\"text-align: justify;\">N&rsquo;h\u00e9sitez pas \u00e0 nous contacter pour vos demandes de prix, nous nous ferons un plaisir d&rsquo;y r\u00e9pondre dans les meilleurs d\u00e9lais.<\/p>\n\n<h4 style=\"text-align: right;\"><strong>Bottin \u00a0Didier<\/strong><\/h4>\n<p style=\"text-align: right;\"><em>Manager de l\u2019entreprise<\/em> CEMACO<\/p>","protected":false},"excerpt":{"rendered":"<p>Notre entreprise en quelques mots CEMACO, entreprise g\u00e9n\u00e9rale de construction, r\u00e9novation et de transformation. Fort de plusieurs ann\u00e9es d\u2019exp\u00e9rience dans le secteur du b\u00e2timent, nous vous proposons des solutions pour tous vos travaux de construction, r\u00e9novation et de transformation d&rsquo;immeubles. Dans la rubrique Nos M\u00e9tiers vous trouverez tout ce que nous pouvons r\u00e9aliser, et en&nbsp;<a href=\"https:\/\/www.cemaco.be\/?page_id=2\" class=\"read-more\">Continue Reading<\/a><\/p>\n","protected":false},"author":1,"featured_media":0,"parent":0,"menu_order":0,"comment_status":"closed","ping_status":"closed","template":"page-about.php","meta":[],"_links":{"self":[{"href":"https:\/\/www.cemaco.be\/index.php?rest_route=\/wp\/v2\/pages\/2"}],"collection":[{"href":"https:\/\/www.cemaco.be\/index.php?rest_route=\/wp\/v2\/pages"}],"about":[{"href":"https:\/\/www.cemaco.be\/index.php?rest_route=\/wp\/v2\/types\/page"}],"author":[{"embeddable":true,"href":"https:\/\/www.cemaco.be\/index.php?rest_route=\/wp\/v2\/users\/1"}],"replies":[{"embeddable":true,"href":"https:\/\/www.cemaco.be\/index.php?rest_route=%2Fwp%2Fv2%2Fcomments&post=2"}],"version-history":[{"count":52,"href":"https:\/\/www.cemaco.be\/index.php?rest_route=\/wp\/v2\/pages\/2\/revisions"}],"predecessor-version":[{"id":904,"href":"https:\/\/www.cemaco.be\/index.php?rest_route=\/wp\/v2\/pages\/2\/revisions\/904"}],"wp:attachment":[{"href":"https:\/\/www.cemaco.be\/index.php?rest_route=%2Fwp%2Fv2%2Fmedia&parent=2"}],"curies":[{"name":"wp","href":"https:\/\/api.w.org\/{rel}","templated":true}]}}