{"id":30,"date":"2011-01-26T15:29:29","date_gmt":"2011-01-26T14:29:29","guid":{"rendered":"http:\/\/www.cemaco.be\/?page_id=30"},"modified":"2020-09-30T21:58:39","modified_gmt":"2020-09-30T20:58:39","slug":"nos-metiers","status":"publish","type":"page","link":"https:\/\/www.cemaco.be\/?page_id=30","title":{"rendered":"Nos M\u00e9tiers"},"content":{"rendered":"<h1><span style=\"color: #0b4a6f;\">Le savoir-faire de Cemaco<\/span><\/h1>\n<h3><span style=\"color: #0b4a6f;\"><img loading=\"lazy\" class=\"alignleft size-medium wp-image-779\" title=\"Transformation &amp; Construction\" src=\"https:\/\/www.cemaco.be\/wp-content\/uploads\/2012\/09\/cemaco-slide-01-300x153.jpg\" alt=\"\" width=\"300\" height=\"153\" srcset=\"https:\/\/www.cemaco.be\/wp-content\/uploads\/2012\/09\/cemaco-slide-01-300x153.jpg 300w, https:\/\/www.cemaco.be\/wp-content\/uploads\/2012\/09\/cemaco-slide-01.jpg 940w\" sizes=\"(max-width: 300px) 100vw, 300px\" \/>Transformation &amp; Construction<\/span><\/h3>\n<p style=\"text-align: justify;\">Vous voulez construire, r\u00e9nover ou transformer une construction, r\u00e9aliser une extension, agrandir, modifier tous types de b\u00e2timents (maison, bureau, , appartement, immeuble de rapport, b\u00e2timent public), mais aussi les travaux de voiries, d&rsquo;am\u00e9nagement de jardins, &nbsp;etc.. nous avons des solutions, car tel est notre m\u00e9tier.<\/p>\n<p style=\"text-align: justify;\">Consultez-nous pour la gestion de votre chantier de construction. Nous suivrons&nbsp;toutes les&nbsp;directives de l\u2019architecte, telles&nbsp;que&nbsp;d\u00e9crites dans son cahier des charges; et toujours avec&nbsp;&nbsp;nos prix comp\u00e9titifs,&nbsp; un service et des garanties, car cela fait partie de notre engagement.<\/p>\n\n<address><a title=\"Devis gratuit\" href=\"https:\/\/www.cemaco.be\/?page_id=560\"><span style=\"color: #0b4a6f;\">Demandez votre devis gratuit, et nous vous conseillerons pour les primes \u00e0 la r\u00e9novation valable en R\u00e9gion Wallonne.<\/span><\/a><\/address><address>&nbsp;<\/address><address>&nbsp;<\/address>\n<h3><span style=\"color: #0b4a6f;\"><img loading=\"lazy\" class=\"alignleft size-medium wp-image-769\" title=\"Renovation-sejour\" src=\"https:\/\/www.cemaco.be\/wp-content\/uploads\/2012\/09\/Renovation-sejour-300x210.jpg\" alt=\"\" width=\"300\" height=\"210\" srcset=\"https:\/\/www.cemaco.be\/wp-content\/uploads\/2012\/09\/Renovation-sejour-300x210.jpg 300w, https:\/\/www.cemaco.be\/wp-content\/uploads\/2012\/09\/Renovation-sejour.jpg 640w\" sizes=\"(max-width: 300px) 100vw, 300px\" \/>R\u00e9novation &amp; Am\u00e9nagement<\/span><\/h3>\n<p style=\"text-align: justify;\">Pour tous vos travaux de r\u00e9novation de maison, d&rsquo;immeuble, pour le particulier ou le secteur public nous pouvons r\u00e9pondre \u00e0 toutes les situations. Vous \u00eates propri\u00e9taire d\u2019une habitation ou d\u2019un bien immobilier, vous souhaitez r\u00e9nover les \u00e9quipements et les installations existants avec des solutions moderne et&nbsp;\u00e9cologique, nous vous aiderons et vous conseillerons en collaboration avec notre architecte. Notre entreprise est sp\u00e9cialis\u00e9e dans les travaux de r\u00e9novation de maisons, de toitures, de logements sociaux, ou encore la r\u00e9novation d&rsquo;immeubles de rapports. Consultez nous pour l&rsquo;am\u00e9nagement et la r\u00e9affectation de garages, de hangars ou d&rsquo;usines en lofts.<\/p>\n\n<address><a title=\"Devis gratuit\" href=\"https:\/\/www.cemaco.be\/?page_id=560\"><span style=\"color: #0b4a6f;\">Demandez&nbsp;votre devis gratuit,&nbsp;et nous vous&nbsp;conseillerons pour&nbsp;les primes \u00e0 la r\u00e9novation valable en R\u00e9gion Wallonne.<\/span><\/a><\/address>&nbsp;\n<h3 style=\"text-align: left;\">&nbsp;<\/h3>\n<h3 style=\"text-align: left;\">&nbsp;<\/h3>\n<h3 style=\"text-align: left;\"><span style=\"color: #0b4a6f;\"><img loading=\"lazy\" class=\"alignleft size-medium wp-image-768\" title=\"Renovation-cuisine2\" src=\"https:\/\/www.cemaco.be\/wp-content\/uploads\/2012\/09\/Renovation-cuisine2-300x204.jpg\" alt=\"\" width=\"300\" height=\"204\" srcset=\"https:\/\/www.cemaco.be\/wp-content\/uploads\/2012\/09\/Renovation-cuisine2-300x204.jpg 300w, https:\/\/www.cemaco.be\/wp-content\/uploads\/2012\/09\/Renovation-cuisine2.jpg 800w\" sizes=\"(max-width: 300px) 100vw, 300px\" \/>Parach\u00e8vement &amp; Finitions<\/span><\/h3>\n<p style=\"text-align: justify;\">Nous effectuons les placements et les remises \u00e0 neuf des appareils sanitaires et chauffages mais aussi l&rsquo;installation compl\u00e8te de l\u2019\u00e9lectricit\u00e9 g\u00e9n\u00e9rale avec mise en conformit\u00e9. L&rsquo;installation ou la remise \u00e0 neuf des rev\u00eatements existants et pour les nouvelles constructions, les r\u00e9novations d&rsquo;immeubles (maison, loft et appartement), nous r\u00e9alisons tous vos travaux d\u2019isolations thermique et acoustique. Nous vous proposons \u00e9galement&nbsp;en collaboration avec&nbsp;notre architecte&nbsp;d\u2019int\u00e9rieur, la conception et la r\u00e9alisation d\u2019espace int\u00e9rieur&nbsp;de bureaux, commerces et de&nbsp;maisons familiales, l&rsquo;agencement et la d\u00e9coration de votre bureau ou commerce avec une simulation en images 3D photo-r\u00e9aliste de tous vos projets.<\/p>\n\n<address style=\"text-align: justify;\"><a title=\"Devis gratuit\" href=\"https:\/\/www.cemaco.be\/?page_id=560\"><span style=\"color: #0b4a6f;\">Demandez votre devis gratuit, et nous vous conseillerons pour les primes \u00e0 la r\u00e9novation valable en R\u00e9gion Wallonne.<\/span><\/a><\/address>&nbsp;\n<h2 style=\"color: #0b4a6f;\">Pourquoi nous choisir?<\/h2>\n<h4 style=\"color: #0b4a6f;\">Notre syst\u00e8me de gestion.<\/h4>\n<p style=\"text-align: justify;\">Notre entreprise \u00e9tabli, documente et applique un syst\u00e8me de gestion de projets \u00e9prouv\u00e9, qui &nbsp;prouve sa capacit\u00e9 de continuellement livrer son produit final conform\u00e9ment aux demandes de nos clients et aux r\u00e9gulations en vigueurs, et ce, afin d\u2019am\u00e9liorer la satisfaction du client.<\/p>\n1. L\u2019application effective des proc\u00e9dures de construction en cours.\n\n2. Am\u00e9lioration continue de ses proc\u00e9dures de construction et de leur effectivit\u00e9.\n\n3. Assurer une conformit\u00e9 aux demandes des clients et aux r\u00e8glements en vigueur.\n\n&nbsp;","protected":false},"excerpt":{"rendered":"<p>Le savoir-faire de Cemaco Transformation &amp; Construction Vous voulez construire, r\u00e9nover ou transformer une construction, r\u00e9aliser une extension, agrandir, modifier tous types de b\u00e2timents (maison, bureau, , appartement, immeuble de rapport, b\u00e2timent public), mais aussi les travaux de voiries, d&rsquo;am\u00e9nagement de jardins, &nbsp;etc.. nous avons des solutions, car tel est notre m\u00e9tier. Consultez-nous pour la&nbsp;<a href=\"https:\/\/www.cemaco.be\/?page_id=30\" class=\"read-more\">Continue Reading<\/a><\/p>\n","protected":false},"author":1,"featured_media":0,"parent":0,"menu_order":1,"comment_status":"closed","ping_status":"closed","template":"page-services.php","meta":[],"_links":{"self":[{"href":"https:\/\/www.cemaco.be\/index.php?rest_route=\/wp\/v2\/pages\/30"}],"collection":[{"href":"https:\/\/www.cemaco.be\/index.php?rest_route=\/wp\/v2\/pages"}],"about":[{"href":"https:\/\/www.cemaco.be\/index.php?rest_route=\/wp\/v2\/types\/page"}],"author":[{"embeddable":true,"href":"https:\/\/www.cemaco.be\/index.php?rest_route=\/wp\/v2\/users\/1"}],"replies":[{"embeddable":true,"href":"https:\/\/www.cemaco.be\/index.php?rest_route=%2Fwp%2Fv2%2Fcomments&post=30"}],"version-history":[{"count":46,"href":"https:\/\/www.cemaco.be\/index.php?rest_route=\/wp\/v2\/pages\/30\/revisions"}],"predecessor-version":[{"id":905,"href":"https:\/\/www.cemaco.be\/index.php?rest_route=\/wp\/v2\/pages\/30\/revisions\/905"}],"wp:attachment":[{"href":"https:\/\/www.cemaco.be\/index.php?rest_route=%2Fwp%2Fv2%2Fmedia&parent=30"}],"curies":[{"name":"wp","href":"https:\/\/api.w.org\/{rel}","templated":true}]}}