{"id":329,"date":"2011-04-24T15:17:43","date_gmt":"2011-04-24T14:17:43","guid":{"rendered":"http:\/\/www.cemaco.be\/?page_id=329"},"modified":"2012-09-15T21:43:10","modified_gmt":"2012-09-15T20:43:10","slug":"vie-privee","status":"publish","type":"page","link":"https:\/\/www.cemaco.be\/?page_id=329","title":{"rendered":"Vie priv\u00e9e"},"content":{"rendered":"<h3>\u2022\u00a0Objectifs du traitement des donn\u00e9es personnelles<\/h3>\r\n<div>Cemaco sprl est soucieuse du respect de votre vie priv\u00e9e lors de vos visites sur son site web. Pour cela, nous mettons \u00a0tout en oeuvre pour respecter votre vie priv\u00e9e dans le cadre de votre utilisation de ce site.\r\nNotre entreprise ne recueille que les donn\u00e9es personnelles (comme le pr\u00e9nom, nom, adresse et e-mail) que vous nous transmettez personnellement. Elles ne sont utilis\u00e9es pour vous fournir le service ou les informations demand\u00e9s.<\/div>\r\n<div>\r\n<h3><\/h3>\r\n<h3>\u2022\u00a0Personnes ayant acc\u00e8s aux donn\u00e9es personnelles collect\u00e9es<\/h3>\r\n<div>Les donn\u00e9es \u00e0 caract\u00e8re personnel que vous nous communiquez par l&rsquo;interm\u00e9diaire des formulaires sont conserv\u00e9es dans nos fichiers. Vos donn\u00e9es personnelles ne seront ni vendues, ni transmises par Cemaco sprl\u00a0\u00e0 des tiers. Cemaco sprl\u00a0se r\u00e9serve le droit d&rsquo;utiliser vos donn\u00e9es personnelles ou de les rendre publiques, si la loi l&rsquo;exige, si la sauvegarde de l&rsquo;int\u00e9grit\u00e9 du site web le n\u00e9cessite, pour acc\u00e9der \u00e0 votre demande, ou pour collaborer \u00e0 une proc\u00e9dure l\u00e9gale d&rsquo;ordre public.<\/div>\r\n<\/div>\r\n<h3><\/h3>\r\n<h3>\u2022\u00a0Liens vers d&rsquo;autres sites<\/h3>\r\n<div>Si nous vous offrons des liens vers d&rsquo;autres sites, ceux-ci \u00a0vous sont offerts \u00e0 titre purement informatif. Nous vous conseillons, lorsque vous p\u00e9n\u00e9trez sur ces sites, de lire attentivement leur notice de vie priv\u00e9e. Cemaco sprl\u00a0ne pourra en aucun cas \u00eatre tenu responsable du contenu du site ou des pratiques du propri\u00e9taire ou de l&rsquo;op\u00e9rateur de ces sites.<\/div>\r\n<h3><\/h3>\r\n<h3>\u2022\u00a0Copyright photos<\/h3>\r\n<div>\r\n\r\nLes documents qui figurent sur ce site sont la propri\u00e9t\u00e9 de Cemaco sprl\u00a0et les droit sont c\u00e9d\u00e9 par son Photographe et sont prot\u00e9g\u00e9s au niveau international par les lois sur les droits d&rsquo;auteurs. Aucun des documents provenant de ce site ne peut \u00eatre publi\u00e9 d&rsquo;aucune mani\u00e8re que ce soit sauf sous notre autorisation.\r\n<h3><\/h3>\r\n<h3>\u2022 Propri\u00e9t\u00e9 intellectuelle<\/h3>\r\n<div>Toutes les marques, droits d&rsquo;auteur, brevets, droits de propri\u00e9t\u00e9 intellectuelle et d&rsquo;autres propri\u00e9t\u00e9s qui sont applicables au pr\u00e9sent site, appartiennent toujours \u00e0 Cemaco sprl. Toute copie, adaptation, traduction, arrangement, communication au public, location et autre exploitation, modification de tout ou partie de ce site sous quelque forme et par quelque moyen que ce soit, \u00e9lectronique, m\u00e9canique ou autre, est strictement interdit sauf accord pr\u00e9alable et \u00e9crit de Cemaco sprl. Toute infraction \u00e0 ces droits peut entra\u00eener des poursuites civiles ou p\u00e9nales. Les d\u00e9nominations, logos et autres signes utilis\u00e9s sur ce site, entre autres le logo et le nom Cemaco sprl, sont des marques et\/ou noms commerciaux l\u00e9galement prot\u00e9g\u00e9s. Tout usage de ceux-ci ou de signes ressemblants est strictement interdit sans l&rsquo;accord pr\u00e9alable et \u00e9crit de Cemaco sprl.<\/div>\r\n<\/div>\r\n<div>\r\n<h3><\/h3>\r\n<h3>\u2022\u00a0Responsabilit\u00e9 quant au contenu<\/h3>\r\n<div>Cemaco sprl\u00a0ne donne aucune garantie quant \u00e0 la s\u00e9curit\u00e9 du site web, ni quant \u00e0 d&rsquo;\u00e9ventuels virus ou escroqueries par ordinateur. Le visiteur sera conscient du fait que l&rsquo;usage d&rsquo;Internet entra\u00eene certains risques. Cemaco sprl\u00a0apporte le plus grand soin \u00e0 la cr\u00e9ation et \u00e0 la mise \u00e0 jour de ce site. Il n&rsquo;est cependant jamais exclu qu&rsquo;une quelconque information ne soit plus conforme \u00e0 la r\u00e9alit\u00e9. Nous vous demandons votre compr\u00e9hension \u00e0 cet \u00e9gard. L&rsquo;utilisateur est conscient que l&rsquo;information est susceptible d&rsquo;\u00eatre modifi\u00e9e sans avis pr\u00e9alable. Cemaco sprl\u00a0d\u00e9cline toute responsabilit\u00e9 quant au contenu du site et \u00e0 son utilisation. Au cas o\u00f9 des liens seraient cr\u00e9\u00e9s avec d&rsquo;autres sites, Cemaco sprl\u00a0ne peut en aucun cas \u00eatre tenue responsable du contenu et de l&rsquo;existence de ces autres sites.<\/div>\r\n<\/div>","protected":false},"excerpt":{"rendered":"<p>\u2022\u00a0Objectifs du traitement des donn\u00e9es personnelles Cemaco sprl est soucieuse du respect de votre vie priv\u00e9e lors de vos visites sur son site web. Pour cela, nous mettons \u00a0tout en oeuvre pour respecter votre vie priv\u00e9e dans le cadre de votre utilisation de ce site. Notre entreprise ne recueille que les donn\u00e9es personnelles (comme le&nbsp;<a href=\"https:\/\/www.cemaco.be\/?page_id=329\" class=\"read-more\">Continue Reading<\/a><\/p>\n","protected":false},"author":1,"featured_media":0,"parent":0,"menu_order":0,"comment_status":"closed","ping_status":"closed","template":"","meta":[],"_links":{"self":[{"href":"https:\/\/www.cemaco.be\/index.php?rest_route=\/wp\/v2\/pages\/329"}],"collection":[{"href":"https:\/\/www.cemaco.be\/index.php?rest_route=\/wp\/v2\/pages"}],"about":[{"href":"https:\/\/www.cemaco.be\/index.php?rest_route=\/wp\/v2\/types\/page"}],"author":[{"embeddable":true,"href":"https:\/\/www.cemaco.be\/index.php?rest_route=\/wp\/v2\/users\/1"}],"replies":[{"embeddable":true,"href":"https:\/\/www.cemaco.be\/index.php?rest_route=%2Fwp%2Fv2%2Fcomments&post=329"}],"version-history":[{"count":22,"href":"https:\/\/www.cemaco.be\/index.php?rest_route=\/wp\/v2\/pages\/329\/revisions"}],"predecessor-version":[{"id":416,"href":"https:\/\/www.cemaco.be\/index.php?rest_route=\/wp\/v2\/pages\/329\/revisions\/416"}],"wp:attachment":[{"href":"https:\/\/www.cemaco.be\/index.php?rest_route=%2Fwp%2Fv2%2Fmedia&parent=329"}],"curies":[{"name":"wp","href":"https:\/\/api.w.org\/{rel}","templated":true}]}}